{"id":478,"date":"2021-11-05T14:25:28","date_gmt":"2021-11-05T14:25:28","guid":{"rendered":"https:\/\/www.defensorianinez.cl\/informe-anual-2021\/?page_id=478"},"modified":"2021-11-30T20:36:31","modified_gmt":"2021-11-30T20:36:31","slug":"capitulo-6-estado-de-cumplimiento-de-los-derechos-de-la-ninez-y-adolescencia-un-analisis-desde-la-funcion-publica","status":"publish","type":"page","link":"https:\/\/www.defensorianinez.cl\/informe-anual-2021\/derechos-humanos\/capitulo-6-estado-de-cumplimiento-de-los-derechos-de-la-ninez-y-adolescencia-un-analisis-desde-la-funcion-publica\/","title":{"rendered":"Cap\u00edtulo 6 &#8211; Estado de cumplimiento de los derechos de la ni\u00f1ez y adolescencia: un an\u00e1lisis desde la funci\u00f3n p\u00fablica"},"content":{"rendered":"\t\t<div data-elementor-type=\"wp-page\" data-elementor-id=\"478\" class=\"elementor elementor-478\">\n\t\t\t\t\t\t<section class=\"elementor-section elementor-top-section elementor-element elementor-element-623e851 elementor-section-content-middle elementor-section-boxed elementor-section-height-default elementor-section-height-default\" data-id=\"623e851\" data-element_type=\"section\" data-e-type=\"section\" data-settings=\"{&quot;background_background&quot;:&quot;classic&quot;}\">\n\t\t\t\t\t\t<div class=\"elementor-container elementor-column-gap-default\">\n\t\t\t\t\t<div class=\"elementor-column elementor-col-100 elementor-top-column elementor-element elementor-element-e49062d\" data-id=\"e49062d\" data-element_type=\"column\" data-e-type=\"column\">\n\t\t\t<div class=\"elementor-widget-wrap elementor-element-populated\">\n\t\t\t\t\t\t<div class=\"elementor-element elementor-element-530ae76 elementor-widget elementor-widget-spacer\" data-id=\"530ae76\" data-element_type=\"widget\" data-e-type=\"widget\" data-widget_type=\"spacer.default\">\n\t\t\t\t<div class=\"elementor-widget-container\">\n\t\t\t\t\t\t\t<div class=\"elementor-spacer\">\n\t\t\t<div class=\"elementor-spacer-inner\"><\/div>\n\t\t<\/div>\n\t\t\t\t\t\t<\/div>\n\t\t\t\t<\/div>\n\t\t\t\t<section class=\"elementor-section elementor-inner-section elementor-element elementor-element-79770cd elementor-section-full_width elementor-section-content-middle elementor-section-height-default elementor-section-height-default\" data-id=\"79770cd\" data-element_type=\"section\" data-e-type=\"section\">\n\t\t\t\t\t\t<div class=\"elementor-container elementor-column-gap-default\">\n\t\t\t\t\t<div class=\"elementor-column elementor-col-50 elementor-inner-column elementor-element elementor-element-8b6fb6f\" data-id=\"8b6fb6f\" data-element_type=\"column\" data-e-type=\"column\">\n\t\t\t<div class=\"elementor-widget-wrap elementor-element-populated\">\n\t\t\t\t\t\t<div class=\"elementor-element elementor-element-dbdb904 elementor-widget elementor-widget-text-editor\" data-id=\"dbdb904\" data-element_type=\"widget\" data-e-type=\"widget\" data-widget_type=\"text-editor.default\">\n\t\t\t\t<div class=\"elementor-widget-container\">\n\t\t\t\t\t\t\t\t\t<h1><span style=\"color: #ffffff;\">Derechos Humanos<\/span><\/h1>\t\t\t\t\t\t\t\t<\/div>\n\t\t\t\t<\/div>\n\t\t\t\t\t<\/div>\n\t\t<\/div>\n\t\t\t\t<div class=\"elementor-column elementor-col-50 elementor-inner-column elementor-element elementor-element-c30c506\" data-id=\"c30c506\" data-element_type=\"column\" data-e-type=\"column\">\n\t\t\t<div class=\"elementor-widget-wrap elementor-element-populated\">\n\t\t\t\t\t\t<div class=\"elementor-element elementor-element-d7250ac elementor-widget elementor-widget-image\" data-id=\"d7250ac\" data-element_type=\"widget\" data-e-type=\"widget\" data-widget_type=\"image.default\">\n\t\t\t\t<div class=\"elementor-widget-container\">\n\t\t\t\t\t\t\t\t\t\t\t\t\t\t\t<img decoding=\"async\" width=\"396\" height=\"57\" src=\"https:\/\/www.defensorianinez.cl\/informe-anual-2021\/wp-content\/uploads\/2021\/10\/dd_hh_01.png\" class=\"attachment-large size-large wp-image-200\" alt=\"\" srcset=\"https:\/\/www.defensorianinez.cl\/informe-anual-2021\/wp-content\/uploads\/2021\/10\/dd_hh_01.png 396w, https:\/\/www.defensorianinez.cl\/informe-anual-2021\/wp-content\/uploads\/2021\/10\/dd_hh_01-300x43.png 300w\" sizes=\"(max-width: 396px) 100vw, 396px\" \/>\t\t\t\t\t\t\t\t\t\t\t\t\t\t\t<\/div>\n\t\t\t\t<\/div>\n\t\t\t\t\t<\/div>\n\t\t<\/div>\n\t\t\t\t\t<\/div>\n\t\t<\/section>\n\t\t\t\t\t<\/div>\n\t\t<\/div>\n\t\t\t\t\t<\/div>\n\t\t<\/section>\n\t\t\t\t<section class=\"elementor-section elementor-top-section elementor-element elementor-element-79382b8 elementor-section-boxed elementor-section-height-default elementor-section-height-default\" data-id=\"79382b8\" data-element_type=\"section\" data-e-type=\"section\" data-settings=\"{&quot;background_background&quot;:&quot;classic&quot;}\">\n\t\t\t\t\t\t\t<div class=\"elementor-background-overlay\"><\/div>\n\t\t\t\t\t\t\t<div class=\"elementor-container elementor-column-gap-default\">\n\t\t\t\t\t<div class=\"elementor-column elementor-col-100 elementor-top-column elementor-element elementor-element-bde5bae\" data-id=\"bde5bae\" data-element_type=\"column\" data-e-type=\"column\">\n\t\t\t<div class=\"elementor-widget-wrap elementor-element-populated\">\n\t\t\t\t\t\t<section class=\"elementor-section elementor-inner-section elementor-element elementor-element-e23e8c4 elementor-section-full_width elementor-section-height-default elementor-section-height-default elementor-invisible\" data-id=\"e23e8c4\" data-element_type=\"section\" data-e-type=\"section\" data-settings=\"{&quot;animation&quot;:&quot;fadeIn&quot;}\">\n\t\t\t\t\t\t<div class=\"elementor-container elementor-column-gap-default\">\n\t\t\t\t\t<div class=\"elementor-column elementor-col-33 elementor-inner-column elementor-element elementor-element-43e3557\" data-id=\"43e3557\" data-element_type=\"column\" data-e-type=\"column\">\n\t\t\t<div class=\"elementor-widget-wrap\">\n\t\t\t\t\t\t\t<\/div>\n\t\t<\/div>\n\t\t\t\t<div class=\"elementor-column elementor-col-33 elementor-inner-column elementor-element elementor-element-0e810df\" data-id=\"0e810df\" data-element_type=\"column\" data-e-type=\"column\">\n\t\t\t<div class=\"elementor-widget-wrap elementor-element-populated\">\n\t\t\t\t\t\t<div class=\"elementor-element elementor-element-a9e4d1d elementor-widget elementor-widget-text-editor\" data-id=\"a9e4d1d\" data-element_type=\"widget\" data-e-type=\"widget\" data-widget_type=\"text-editor.default\">\n\t\t\t\t<div class=\"elementor-widget-container\">\n\t\t\t\t\t\t\t\t\t<h3><b>Cap\u00edtulo 6: <\/b><\/h3><h3><b>Estado de cumplimiento de los derechos de la ni\u00f1ez y adolescencia: un an\u00e1lisis desde la funci\u00f3n p\u00fablica<\/b><\/h3>\t\t\t\t\t\t\t\t<\/div>\n\t\t\t\t<\/div>\n\t\t\t\t\t<\/div>\n\t\t<\/div>\n\t\t\t\t<div class=\"elementor-column elementor-col-33 elementor-inner-column elementor-element elementor-element-e7e2af7\" data-id=\"e7e2af7\" data-element_type=\"column\" data-e-type=\"column\">\n\t\t\t<div class=\"elementor-widget-wrap\">\n\t\t\t\t\t\t\t<\/div>\n\t\t<\/div>\n\t\t\t\t\t<\/div>\n\t\t<\/section>\n\t\t\t\t<section class=\"elementor-section elementor-inner-section elementor-element elementor-element-5bb13e6 elementor-section-boxed elementor-section-height-default elementor-section-height-default elementor-invisible\" data-id=\"5bb13e6\" data-element_type=\"section\" data-e-type=\"section\" data-settings=\"{&quot;animation&quot;:&quot;fadeIn&quot;}\">\n\t\t\t\t\t\t<div class=\"elementor-container elementor-column-gap-default\">\n\t\t\t\t\t<div class=\"elementor-column elementor-col-100 elementor-inner-column elementor-element elementor-element-39d7326\" data-id=\"39d7326\" data-element_type=\"column\" data-e-type=\"column\">\n\t\t\t<div class=\"elementor-widget-wrap elementor-element-populated\">\n\t\t\t\t\t\t<div class=\"elementor-element elementor-element-441565b elementor-widget elementor-widget-text-editor\" data-id=\"441565b\" data-element_type=\"widget\" data-e-type=\"widget\" data-widget_type=\"text-editor.default\">\n\t\t\t\t<div class=\"elementor-widget-container\">\n\t\t\t\t\t\t\t\t\t<p class=\"p1\" style=\"text-align: justify;\">Uno de los aspectos fundamentales del trabajo de la Defensor\u00eda de la Ni\u00f1ez, es su funci\u00f3n de observaci\u00f3n y seguimiento de la labor del Estado. En este contexto, el presente cap\u00edtulo realiza una valoraci\u00f3n del cumplimiento de las recomendaciones y requerimientos efectuados por la Defensor\u00eda de la Ni\u00f1ez hacia distintos organismos y para las distintas categor\u00edas de derechos de la ni\u00f1ez y adolescencia, para luego, entregar una visi\u00f3n general del actuar del Estado de Chile. Este balance se realiza con informaci\u00f3n del Observatorio de Derechos de la Defensor\u00eda de la Ni\u00f1ez, y otras fuentes documentales externas.\u00a0<\/p><p class=\"p1\" style=\"text-align: justify;\">Finalmente, se analiza en detalle el desempe\u00f1o de tres instituciones, en atenci\u00f3n a su rol en la protecci\u00f3n de los derechos de la ni\u00f1ez y adolescencia durante la crisis sanitaria: el Ministerio de Educaci\u00f3n, el Ministerio de Salud y el Ministerio de Desarrollo Social y Familia.\u00a0<\/p><p class=\"p1\" style=\"text-align: justify;\">A modo de reflexi\u00f3n final, se brindan conclusiones y recomendaciones para el abordaje y superaci\u00f3n de las brechas detectadas.<\/p>\t\t\t\t\t\t\t\t<\/div>\n\t\t\t\t<\/div>\n\t\t\t\t<div class=\"elementor-element elementor-element-605aab1 elementor-widget elementor-widget-image\" data-id=\"605aab1\" data-element_type=\"widget\" data-e-type=\"widget\" data-widget_type=\"image.default\">\n\t\t\t\t<div class=\"elementor-widget-container\">\n\t\t\t\t\t\t\t\t\t\t\t\t\t\t\t<img decoding=\"async\" width=\"396\" height=\"57\" src=\"https:\/\/www.defensorianinez.cl\/informe-anual-2021\/wp-content\/uploads\/2021\/10\/dd_hh_01.png\" class=\"attachment-large size-large wp-image-200\" alt=\"\" srcset=\"https:\/\/www.defensorianinez.cl\/informe-anual-2021\/wp-content\/uploads\/2021\/10\/dd_hh_01.png 396w, https:\/\/www.defensorianinez.cl\/informe-anual-2021\/wp-content\/uploads\/2021\/10\/dd_hh_01-300x43.png 300w\" sizes=\"(max-width: 396px) 100vw, 396px\" \/>\t\t\t\t\t\t\t\t\t\t\t\t\t\t\t<\/div>\n\t\t\t\t<\/div>\n\t\t\t\t<div class=\"elementor-element elementor-element-df10981 elementor-widget elementor-widget-spacer\" data-id=\"df10981\" data-element_type=\"widget\" data-e-type=\"widget\" data-widget_type=\"spacer.default\">\n\t\t\t\t<div class=\"elementor-widget-container\">\n\t\t\t\t\t\t\t<div class=\"elementor-spacer\">\n\t\t\t<div class=\"elementor-spacer-inner\"><\/div>\n\t\t<\/div>\n\t\t\t\t\t\t<\/div>\n\t\t\t\t<\/div>\n\t\t\t\t\t<\/div>\n\t\t<\/div>\n\t\t\t\t\t<\/div>\n\t\t<\/section>\n\t\t\t\t<section class=\"elementor-section elementor-inner-section elementor-element elementor-element-58d9964 elementor-section-full_width elementor-section-height-default elementor-section-height-default\" data-id=\"58d9964\" data-element_type=\"section\" data-e-type=\"section\" data-settings=\"{&quot;background_background&quot;:&quot;classic&quot;}\">\n\t\t\t\t\t\t<div class=\"elementor-container elementor-column-gap-default\">\n\t\t\t\t\t<div class=\"elementor-column elementor-col-33 elementor-inner-column elementor-element elementor-element-af5e831\" data-id=\"af5e831\" data-element_type=\"column\" data-e-type=\"column\">\n\t\t\t<div class=\"elementor-widget-wrap\">\n\t\t\t\t\t\t\t<\/div>\n\t\t<\/div>\n\t\t\t\t<div class=\"elementor-column elementor-col-33 elementor-inner-column elementor-element elementor-element-1404a9c\" data-id=\"1404a9c\" data-element_type=\"column\" data-e-type=\"column\">\n\t\t\t<div class=\"elementor-widget-wrap elementor-element-populated\">\n\t\t\t\t\t\t<div class=\"elementor-element elementor-element-951635f elementor-widget elementor-widget-text-editor\" data-id=\"951635f\" data-element_type=\"widget\" data-e-type=\"widget\" data-widget_type=\"text-editor.default\">\n\t\t\t\t<div class=\"elementor-widget-container\">\n\t\t\t\t\t\t\t\t\t<div class=\"page\" title=\"Page 5\"><div class=\"layoutArea\"><div class=\"column\"><p><span style=\"font-size: 18pt;\">Video resumen del cap\u00edtulo<\/span><\/p><\/div><\/div><\/div>\t\t\t\t\t\t\t\t<\/div>\n\t\t\t\t<\/div>\n\t\t\t\t<div class=\"elementor-element elementor-element-f2f5ae9 elementor-invisible elementor-widget elementor-widget-video\" data-id=\"f2f5ae9\" data-element_type=\"widget\" data-e-type=\"widget\" data-settings=\"{&quot;youtube_url&quot;:&quot;https:\\\/\\\/www.youtube.com\\\/watch?v=Iuh0H2MK6mE&amp;ab_channel=DefensoriadelaNi%C3%B1ezChile&quot;,&quot;_animation&quot;:&quot;fadeIn&quot;,&quot;video_type&quot;:&quot;youtube&quot;,&quot;controls&quot;:&quot;yes&quot;}\" data-widget_type=\"video.default\">\n\t\t\t\t<div class=\"elementor-widget-container\">\n\t\t\t\t\t\t\t<div class=\"elementor-wrapper elementor-open-inline\">\n\t\t\t<div class=\"elementor-video\"><\/div>\t\t<\/div>\n\t\t\t\t\t\t<\/div>\n\t\t\t\t<\/div>\n\t\t\t\t\t<\/div>\n\t\t<\/div>\n\t\t\t\t<div class=\"elementor-column elementor-col-33 elementor-inner-column elementor-element elementor-element-ffef0d5\" data-id=\"ffef0d5\" data-element_type=\"column\" data-e-type=\"column\">\n\t\t\t<div class=\"elementor-widget-wrap\">\n\t\t\t\t\t\t\t<\/div>\n\t\t<\/div>\n\t\t\t\t\t<\/div>\n\t\t<\/section>\n\t\t\t\t\t<\/div>\n\t\t<\/div>\n\t\t\t\t\t<\/div>\n\t\t<\/section>\n\t\t\t\t<section class=\"elementor-section elementor-top-section elementor-element elementor-element-42f959e elementor-section-content-middle elementor-section-boxed elementor-section-height-default elementor-section-height-default\" data-id=\"42f959e\" data-element_type=\"section\" data-e-type=\"section\">\n\t\t\t\t\t\t<div class=\"elementor-container elementor-column-gap-default\">\n\t\t\t\t\t<div class=\"elementor-column elementor-col-33 elementor-top-column elementor-element elementor-element-bda7789\" data-id=\"bda7789\" data-element_type=\"column\" data-e-type=\"column\">\n\t\t\t<div class=\"elementor-widget-wrap elementor-element-populated\">\n\t\t\t\t\t\t<div class=\"elementor-element elementor-element-31bbf9f elementor-widget elementor-widget-image\" data-id=\"31bbf9f\" data-element_type=\"widget\" data-e-type=\"widget\" data-widget_type=\"image.default\">\n\t\t\t\t<div class=\"elementor-widget-container\">\n\t\t\t\t\t\t\t\t\t\t\t\t\t\t\t<img decoding=\"async\" width=\"242\" height=\"72\" src=\"https:\/\/www.defensorianinez.cl\/informe-anual-2021\/wp-content\/uploads\/2021\/10\/dd_hh_042.png\" class=\"attachment-large size-large wp-image-214\" alt=\"\" \/>\t\t\t\t\t\t\t\t\t\t\t\t\t\t\t<\/div>\n\t\t\t\t<\/div>\n\t\t\t\t\t<\/div>\n\t\t<\/div>\n\t\t\t\t<div class=\"elementor-column elementor-col-33 elementor-top-column elementor-element elementor-element-5a6fb14 elementor-invisible\" data-id=\"5a6fb14\" data-element_type=\"column\" data-e-type=\"column\" data-settings=\"{&quot;animation&quot;:&quot;fadeIn&quot;,&quot;background_background&quot;:&quot;classic&quot;}\">\n\t\t\t<div class=\"elementor-widget-wrap elementor-element-populated\">\n\t\t\t\t\t\t<div class=\"elementor-element elementor-element-8cdbe98 elementor-widget elementor-widget-heading\" data-id=\"8cdbe98\" data-element_type=\"widget\" data-e-type=\"widget\" data-widget_type=\"heading.default\">\n\t\t\t\t<div class=\"elementor-widget-container\">\n\t\t\t\t\t<p class=\"elementor-heading-title elementor-size-default\">Cap\u00edtulo 6<\/p>\t\t\t\t<\/div>\n\t\t\t\t<\/div>\n\t\t\t\t<div class=\"elementor-element elementor-element-6783c1e elementor-icon-list--layout-inline elementor-align-center elementor-list-item-link-full_width elementor-widget elementor-widget-icon-list\" data-id=\"6783c1e\" data-element_type=\"widget\" data-e-type=\"widget\" data-widget_type=\"icon-list.default\">\n\t\t\t\t<div class=\"elementor-widget-container\">\n\t\t\t\t\t\t\t<ul class=\"elementor-icon-list-items elementor-inline-items\">\n\t\t\t\t\t\t\t<li class=\"elementor-icon-list-item elementor-inline-item\">\n\t\t\t\t\t\t\t\t\t\t\t<a href=\"https:\/\/www.defensorianinez.cl\/informe-anual-2021\/wp-content\/themes\/landing-defensoria\/pdf\/tercera_parte\/capitulos\/ia2021_terceraparte_capitulo6.pdf\" download=\"\">\n\n\t\t\t\t\t\t\t\t\t\t\t\t<span class=\"elementor-icon-list-icon\">\n\t\t\t\t\t\t\t<i aria-hidden=\"true\" class=\"fas fa-download\"><\/i>\t\t\t\t\t\t<\/span>\n\t\t\t\t\t\t\t\t\t\t<span class=\"elementor-icon-list-text\">Descargar<\/span>\n\t\t\t\t\t\t\t\t\t\t\t<\/a>\n\t\t\t\t\t\t\t\t\t<\/li>\n\t\t\t\t\t\t\t\t<li class=\"elementor-icon-list-item elementor-inline-item\">\n\t\t\t\t\t\t\t\t\t\t\t<a href=\"https:\/\/www.defensorianinez.cl\/informe-anual-2021\/wp-content\/themes\/landing-defensoria\/pdf\/tercera_parte\/capitulos\/ia2021_terceraparte_capitulo6.pdf\" target=\"_blank\">\n\n\t\t\t\t\t\t\t\t\t\t\t\t<span class=\"elementor-icon-list-icon\">\n\t\t\t\t\t\t\t<i aria-hidden=\"true\" class=\"fas fa-file-pdf\"><\/i>\t\t\t\t\t\t<\/span>\n\t\t\t\t\t\t\t\t\t\t<span class=\"elementor-icon-list-text\">Ver<\/span>\n\t\t\t\t\t\t\t\t\t\t\t<\/a>\n\t\t\t\t\t\t\t\t\t<\/li>\n\t\t\t\t\t\t<\/ul>\n\t\t\t\t\t\t<\/div>\n\t\t\t\t<\/div>\n\t\t\t\t\t<\/div>\n\t\t<\/div>\n\t\t\t\t<div class=\"elementor-column elementor-col-33 elementor-top-column elementor-element elementor-element-5fc1ede\" data-id=\"5fc1ede\" data-element_type=\"column\" data-e-type=\"column\">\n\t\t\t<div class=\"elementor-widget-wrap elementor-element-populated\">\n\t\t\t\t\t\t<div class=\"elementor-element elementor-element-97f1b0e elementor-widget elementor-widget-image\" data-id=\"97f1b0e\" data-element_type=\"widget\" data-e-type=\"widget\" data-widget_type=\"image.default\">\n\t\t\t\t<div class=\"elementor-widget-container\">\n\t\t\t\t\t\t\t\t\t\t\t\t\t\t\t<img decoding=\"async\" width=\"404\" height=\"72\" src=\"https:\/\/www.defensorianinez.cl\/informe-anual-2021\/wp-content\/uploads\/2021\/10\/dd_hh_043.png\" class=\"attachment-large size-large wp-image-215\" alt=\"\" srcset=\"https:\/\/www.defensorianinez.cl\/informe-anual-2021\/wp-content\/uploads\/2021\/10\/dd_hh_043.png 404w, https:\/\/www.defensorianinez.cl\/informe-anual-2021\/wp-content\/uploads\/2021\/10\/dd_hh_043-300x53.png 300w\" sizes=\"(max-width: 404px) 100vw, 404px\" \/>\t\t\t\t\t\t\t\t\t\t\t\t\t\t\t<\/div>\n\t\t\t\t<\/div>\n\t\t\t\t\t<\/div>\n\t\t<\/div>\n\t\t\t\t\t<\/div>\n\t\t<\/section>\n\t\t\t\t<\/div>\n\t\t","protected":false},"excerpt":{"rendered":"<p>Derechos Humanos Cap\u00edtulo 6: Estado de cumplimiento de los derechos de la ni\u00f1ez y adolescencia: un an\u00e1lisis desde la funci\u00f3n p\u00fablica Uno de los aspectos fundamentales del trabajo de la Defensor\u00eda de la Ni\u00f1ez, es su funci\u00f3n de observaci\u00f3n y seguimiento de la labor del Estado. En este contexto, el presente cap\u00edtulo realiza una valoraci\u00f3n [&hellip;]<\/p>\n","protected":false},"author":1,"featured_media":0,"parent":196,"menu_order":0,"comment_status":"closed","ping_status":"closed","template":"","meta":{"_acf_changed":false,"inline_featured_image":false,"footnotes":""},"class_list":["post-478","page","type-page","status-publish","hentry"],"acf":[],"_links":{"self":[{"href":"https:\/\/www.defensorianinez.cl\/informe-anual-2021\/wp-json\/wp\/v2\/pages\/478","targetHints":{"allow":["GET"]}}],"collection":[{"href":"https:\/\/www.defensorianinez.cl\/informe-anual-2021\/wp-json\/wp\/v2\/pages"}],"about":[{"href":"https:\/\/www.defensorianinez.cl\/informe-anual-2021\/wp-json\/wp\/v2\/types\/page"}],"author":[{"embeddable":true,"href":"https:\/\/www.defensorianinez.cl\/informe-anual-2021\/wp-json\/wp\/v2\/users\/1"}],"replies":[{"embeddable":true,"href":"https:\/\/www.defensorianinez.cl\/informe-anual-2021\/wp-json\/wp\/v2\/comments?post=478"}],"version-history":[{"count":35,"href":"https:\/\/www.defensorianinez.cl\/informe-anual-2021\/wp-json\/wp\/v2\/pages\/478\/revisions"}],"predecessor-version":[{"id":1756,"href":"https:\/\/www.defensorianinez.cl\/informe-anual-2021\/wp-json\/wp\/v2\/pages\/478\/revisions\/1756"}],"up":[{"embeddable":true,"href":"https:\/\/www.defensorianinez.cl\/informe-anual-2021\/wp-json\/wp\/v2\/pages\/196"}],"wp:attachment":[{"href":"https:\/\/www.defensorianinez.cl\/informe-anual-2021\/wp-json\/wp\/v2\/media?parent=478"}],"curies":[{"name":"wp","href":"https:\/\/api.w.org\/{rel}","templated":true}]}}